{"id":2511,"date":"2021-11-26T12:51:30","date_gmt":"2021-11-26T12:51:30","guid":{"rendered":"https:\/\/news.gsv-huellhorst.de\/?page_id=2511"},"modified":"2021-11-26T13:03:04","modified_gmt":"2021-11-26T13:03:04","slug":"__trashed","status":"publish","type":"page","link":"https:\/\/news.gsv-huellhorst.de\/?page_id=2511","title":{"rendered":"Kurs Nr. 9"},"content":{"rendered":"\n<h4 class=\"wp-block-heading\">XXL unter sich &#8211; <em>Aqua-Fitness<\/em><\/h4>\n\n\n\n<p>\u00dcbungen im Wasser entlasten die Gelenke, Sehnen und die Wirbels\u00e4ule, was speziell f\u00fcr \u00dcbergewichtige, die etwas f\u00fcr ihre Fitness tun m\u00f6chten, sehr von Vorteil ist.<\/p>\n\n\n\n<div class=\"wp-block-button\"><a class=\"wp-block-button__link has-background\" href=\"javascript:window.history.back()\" style=\"background-color:#0c8aa6\">Zur\u00fcck<\/a><\/div>\n","protected":false},"excerpt":{"rendered":"<p>XXL unter sich &#8211; Aqua-Fitness \u00dcbungen im Wasser entlasten die Gelenke, Sehnen und die Wirbels\u00e4ule, was speziell f\u00fcr \u00dcbergewichtige, die etwas f\u00fcr ihre Fitness tun m\u00f6chten, sehr von Vorteil ist.<\/p>\n","protected":false},"author":1,"featured_media":0,"parent":298,"menu_order":0,"comment_status":"closed","ping_status":"closed","template":"","meta":{"footnotes":""},"class_list":["post-2511","page","type-page","status-publish","hentry"],"_links":{"self":[{"href":"https:\/\/news.gsv-huellhorst.de\/index.php?rest_route=\/wp\/v2\/pages\/2511"}],"collection":[{"href":"https:\/\/news.gsv-huellhorst.de\/index.php?rest_route=\/wp\/v2\/pages"}],"about":[{"href":"https:\/\/news.gsv-huellhorst.de\/index.php?rest_route=\/wp\/v2\/types\/page"}],"author":[{"embeddable":true,"href":"https:\/\/news.gsv-huellhorst.de\/index.php?rest_route=\/wp\/v2\/users\/1"}],"replies":[{"embeddable":true,"href":"https:\/\/news.gsv-huellhorst.de\/index.php?rest_route=%2Fwp%2Fv2%2Fcomments&post=2511"}],"version-history":[{"count":3,"href":"https:\/\/news.gsv-huellhorst.de\/index.php?rest_route=\/wp\/v2\/pages\/2511\/revisions"}],"predecessor-version":[{"id":2515,"href":"https:\/\/news.gsv-huellhorst.de\/index.php?rest_route=\/wp\/v2\/pages\/2511\/revisions\/2515"}],"up":[{"embeddable":true,"href":"https:\/\/news.gsv-huellhorst.de\/index.php?rest_route=\/wp\/v2\/pages\/298"}],"wp:attachment":[{"href":"https:\/\/news.gsv-huellhorst.de\/index.php?rest_route=%2Fwp%2Fv2%2Fmedia&parent=2511"}],"curies":[{"name":"wp","href":"https:\/\/api.w.org\/{rel}","templated":true}]}}